{"id":288,"date":"2026-03-15T10:24:51","date_gmt":"2026-03-15T10:24:51","guid":{"rendered":"https:\/\/getfully.ae\/?page_id=288"},"modified":"2026-04-02T10:19:31","modified_gmt":"2026-04-02T10:19:31","slug":"terms-and-conditions-of-sale","status":"publish","type":"page","link":"https:\/\/getfully.ae\/fr\/terms-and-conditions-of-sale\/","title":{"rendered":"Conditions g\u00e9n\u00e9rales de vente"},"content":{"rendered":"<div data-elementor-type=\"wp-page\" data-elementor-id=\"288\" class=\"elementor elementor-288\" data-elementor-post-type=\"page\">\n\t\t\t\t<section class=\"elementor-element elementor-element-c9805d8 e-flex e-con-boxed e-con e-parent\" data-id=\"c9805d8\" data-element_type=\"container\" data-e-type=\"container\" data-settings=\"{&quot;background_background&quot;:&quot;classic&quot;}\">\n\t\t\t\t\t<div class=\"e-con-inner\">\n\t\t\t\t<div class=\"elementor-element elementor-element-34ecae5 elementor-widget__width-inherit elementor-widget elementor-widget-heading\" data-id=\"34ecae5\" data-element_type=\"widget\" data-e-type=\"widget\" data-widget_type=\"heading.default\">\n\t\t\t\t\t<h1 class=\"elementor-heading-title elementor-size-default\">Conditions g\u00e9n\u00e9rales de vente\n<\/h1>\t\t\t\t<\/div>\n\t\t\t\t<div class=\"elementor-element elementor-element-851fe7d elementor-widget elementor-widget-text-editor\" data-id=\"851fe7d\" data-element_type=\"widget\" data-e-type=\"widget\" data-widget_type=\"text-editor.default\">\n\t\t\t\t\t\t\t\t\t<section><h2 class=\"font-display text-foreground text-lg mb-3 tracking-wide\">1. Informations sur l\u2019entreprise<\/h2><p>These terms and conditions of sale are issued by RGLS-FZCO, license number 29812, registered with the Dubai integrated economic zone authority, operating under the brand get fully.<\/p><p class=\"mt-3\"><strong class=\"text-foreground\">Adresse du si\u00e8ge social:<\/strong><br \/>DSO-IFZA, IFZA Properties, Dubai Silicon Oasis, Duba\u00ef, \u00c9mirats arabes unis<\/p><p class=\"mt-3\"><strong class=\"text-foreground\">Contact:<\/strong><br \/>Courriel: <a href=\"mailto:contact@getfully.ae\">contact@getfully.ae<\/a><br \/>T\u00e9l\u00e9phone: <a href=\"tel:971507276590\">+971 50 727 6590<\/a><\/p><\/section><section><h2 class=\"font-display text-foreground text-lg mb-3 tracking-wide\">2. Champ d\u2019application<\/h2><p>Les pr\u00e9sentes conditions s\u2019appliquent \u00e0 toute commande pass\u00e9e aupr\u00e8s de get fully, service d\u2019ameublement cl\u00e9 en main, que ce soit via WhatsApp ou via notre site internet.<\/p><\/section><section><h2 class=\"font-display text-foreground text-lg mb-3 tracking-wide\">3. Commande et confirmation<\/h2><p>Les commandes sont effectu\u00e9es via WhatsApp ou le formulaire en ligne du site get fully, apr\u00e8s s\u00e9lection d\u2019un pack d\u2019ameublement et d\u2019options suppl\u00e9mentaires. Une fois la disponibilit\u00e9 confirm\u00e9e et le paiement re\u00e7u, un message de confirmation est envoy\u00e9 pour valider la commande et lancer le traitement.<\/p><\/section><section><h2 class=\"font-display text-foreground text-lg mb-3 tracking-wide\">4. Tarifs et paiement<\/h2><p>Tous les prix incluent la livraison et l\u2019installation, sauf indication contraire. Le paiement est exig\u00e9 \u00e0 l\u2019avance par virement bancaire ou tout autre moyen convenu. Les prix sont indiqu\u00e9s en AED, sauf mention contraire.<\/p><\/section><section><h2 class=\"font-display text-foreground text-lg mb-3 tracking-wide\">5. Livraison et installation<\/h2><p>La livraison et l\u2019installation sont organis\u00e9es apr\u00e8s confirmation du paiement et de l\u2019acc\u00e8s au logement.<\/p><p>Le d\u00e9lai peut varier en fonction du pack s\u00e9lectionn\u00e9.<\/p><p class=\"mt-2\">La pr\u00e9sence du client n\u2019est pas n\u00e9cessaire, mais l\u2019acc\u00e8s \u00e0 la propri\u00e9t\u00e9 doit \u00eatre garanti.<\/p><p class=\"mt-2\">\u00c0 Duba\u00ef, un Move-In Permit ou Work Permit est souvent requis par la gestion de l\u2019immeuble ou la s\u00e9curit\u00e9, et doit \u00eatre organis\u00e9 par le propri\u00e9taire.<\/p><p class=\"mt-2\">En cas de refus d\u2019acc\u00e8s le jour pr\u00e9vu de la livraison en raison d\u2019un manque d\u2019autorisation, une p\u00e9nalit\u00e9 de 700 AED sera appliqu\u00e9e.<\/p><\/section><section><h2 class=\"font-display text-foreground text-lg mb-3 tracking-wide\">6. Modifications et annulations<\/h2><p>Toute modification ou annulation doit \u00eatre communiqu\u00e9e dans un d\u00e9lai de 24 heures apr\u00e8s la confirmation de la commande. Pass\u00e9 ce d\u00e9lai, la commande est consid\u00e9r\u00e9e comme d\u00e9finitive.<\/p><\/section><section><h2 class=\"font-display text-foreground text-lg mb-3 tracking-wide\">7. Variations de produits<\/h2><p>En raison des r\u00e9glages d\u2019\u00e9clairage ou d\u2019\u00e9cran, de l\u00e9g\u00e8res diff\u00e9rences peuvent exister entre les visuels 3D et les produits r\u00e9els.<\/p><p class=\"mt-2\">En cas de rupture de stock, get fully se r\u00e9serve le droit de remplacer un article par un produit similaire de style et de qualit\u00e9 \u00e9quivalents.<\/p><\/section><section><h2 class=\"font-display text-foreground text-lg mb-3 tracking-wide\">8. Responsabilit\u00e9<\/h2><p>get fully est responsable de l\u2019installation compl\u00e8te du mobilier command\u00e9. Nous d\u00e9clinons toute responsabilit\u00e9 pour les dommages survenus avant ou apr\u00e8s notre intervention, sauf s\u2019ils ont \u00e9t\u00e9 caus\u00e9s directement par notre \u00e9quipe lors de l\u2019installation.<\/p><\/section><section><h2 class=\"font-display text-foreground text-lg mb-3 tracking-wide\">9. Retours et remboursements<\/h2><p>En raison de la nature personnalis\u00e9e de nos packs d\u2019ameublement, toutes les ventes sont consid\u00e9r\u00e9es comme finales une fois le paiement confirm\u00e9. Aucun retour, \u00e9change ou remboursement ne sera accept\u00e9, sauf dans les cas suivants:<\/p><ul class=\"list-disc pl-5 mt-2 space-y-1\"><li>Articles livr\u00e9s endommag\u00e9s<\/li><li>Articles ne correspondant pas \u00e0 la commande confirm\u00e9e (ex. : mauvais produit)<\/li><\/ul><p class=\"mt-2\">Dans ces cas, le client doit informer get fully par \u00e9crit dans un d\u00e9lai de 48 heures suivant la livraison, en fournissant des preuves photographiques. Tout remplacement ou remboursement approuv\u00e9 reste \u00e0 la seule discr\u00e9tion de get fully.<\/p><p class=\"mt-2\">En cas de rupture de stock, get fully se r\u00e9serve le droit de remplacer un article par un produit \u00e9quivalent de style et de qualit\u00e9 similaires. Cela ne constitue pas un motif valable de r\u00e9clamation ou de remboursement.<\/p><\/section><section><h2 class=\"font-display text-foreground text-lg mb-3 tracking-wide\">10. Juridiction comp\u00e9tente<\/h2><p>Les pr\u00e9sentes conditions sont r\u00e9gies par les lois des \u00c9mirats Arabes Unis. Tout litige sera soumis \u00e0 la juridiction exclusive des tribunaux comp\u00e9tents de Duba\u00ef.<\/p><\/section>\t\t\t\t\t\t\t\t<\/div>\n\t\t\t\t<div class=\"elementor-element elementor-element-14630a9 elementor-widget-divider--view-line elementor-widget elementor-widget-divider\" data-id=\"14630a9\" data-element_type=\"widget\" data-e-type=\"widget\" data-widget_type=\"divider.default\">\n\t\t\t\t\t\t\t<div class=\"elementor-divider\">\n\t\t\t<span class=\"elementor-divider-separator\">\n\t\t\t\t\t\t<\/span>\n\t\t<\/div>\n\t\t\t\t\t\t<\/div>\n\t\t\t\t<div class=\"elementor-element elementor-element-54ffdfd elementor-widget elementor-widget-text-editor\" data-id=\"54ffdfd\" data-element_type=\"widget\" data-e-type=\"widget\" data-widget_type=\"text-editor.default\">\n\t\t\t\t\t\t\t\t\t<p>Derni\u00e8re mise \u00e0 jour: 04\/05\/2025<\/p>\t\t\t\t\t\t\t\t<\/div>\n\t\t\t\t\t<\/div>\n\t\t\t\t<\/section>\n\t\t\t\t<\/div>","protected":false},"excerpt":{"rendered":"<p>Terms and conditions of sale 1. Company information These terms and conditions of sale are issued by RGLS-FZCO, license number 29812, registered with the Dubai integrated economic zone authority, operating under the brand get fully. Registered address:DSO-IFZA, IFZA properties, Dubai Silicon Oasis, Dubai, United Arab Emirates Contact:Email: contact@getfully.aePhone: +971 50 727 6590 2. Scope of [&hellip;]<\/p>\n","protected":false},"author":1,"featured_media":2132,"parent":0,"menu_order":0,"comment_status":"closed","ping_status":"closed","template":"elementor_header_footer","meta":{"footnotes":""},"class_list":["post-288","page","type-page","status-publish","has-post-thumbnail","hentry"],"yoast_head":"<!-- This site is optimized with the Yoast SEO Premium plugin v27.1 (Yoast SEO v27.3) - https:\/\/yoast.com\/product\/yoast-seo-premium-wordpress\/ -->\n<title>Terms and conditions of sale - get fully<\/title>\n<meta name=\"description\" content=\"These terms and conditions of sale are issued by RGLS-FZCO, license number 29812, registered with the Dubai integrated economic zone authority, operating\" \/>\n<meta name=\"robots\" content=\"index, follow, max-snippet:-1, max-image-preview:large, max-video-preview:-1\" \/>\n<link rel=\"canonical\" href=\"https:\/\/getfully.ae\/fr\/terms-and-conditions-of-sale\/\" \/>\n<meta property=\"og:locale\" content=\"fr_FR\" \/>\n<meta property=\"og:type\" content=\"article\" \/>\n<meta property=\"og:title\" content=\"Terms and conditions of sale\" \/>\n<meta property=\"og:description\" content=\"These terms and conditions of sale are issued by RGLS-FZCO, license number 29812, registered with the Dubai integrated economic zone authority, operating\" \/>\n<meta property=\"og:url\" content=\"https:\/\/getfully.ae\/fr\/terms-and-conditions-of-sale\/\" \/>\n<meta property=\"og:site_name\" content=\"get fully\" \/>\n<meta property=\"article:modified_time\" content=\"2026-04-02T10:19:31+00:00\" \/>\n<meta property=\"og:image\" content=\"https:\/\/getfully.ae\/wp-content\/uploads\/2026\/03\/Untitled-1.jpg\" \/>\n\t<meta property=\"og:image:width\" content=\"1920\" \/>\n\t<meta property=\"og:image:height\" content=\"953\" \/>\n\t<meta property=\"og:image:type\" content=\"image\/jpeg\" \/>\n<meta name=\"twitter:card\" content=\"summary_large_image\" \/>\n<meta name=\"twitter:label1\" content=\"Dur\u00e9e de lecture estim\u00e9e\" \/>\n\t<meta name=\"twitter:data1\" content=\"3 minutes\" \/>\n<script type=\"application\/ld+json\" class=\"yoast-schema-graph\">{\"@context\":\"https:\\\/\\\/schema.org\",\"@graph\":[{\"@type\":\"WebPage\",\"@id\":\"https:\\\/\\\/getfully.ae\\\/terms-and-conditions-of-sale\\\/\",\"url\":\"https:\\\/\\\/getfully.ae\\\/terms-and-conditions-of-sale\\\/\",\"name\":\"Terms and conditions of sale - get fully\",\"isPartOf\":{\"@id\":\"https:\\\/\\\/getfully.ae\\\/#website\"},\"primaryImageOfPage\":{\"@id\":\"https:\\\/\\\/getfully.ae\\\/terms-and-conditions-of-sale\\\/#primaryimage\"},\"image\":{\"@id\":\"https:\\\/\\\/getfully.ae\\\/terms-and-conditions-of-sale\\\/#primaryimage\"},\"thumbnailUrl\":\"https:\\\/\\\/getfully.ae\\\/wp-content\\\/uploads\\\/2026\\\/03\\\/Untitled-1.jpg\",\"datePublished\":\"2026-03-15T10:24:51+00:00\",\"dateModified\":\"2026-04-02T10:19:31+00:00\",\"description\":\"These terms and conditions of sale are issued by RGLS-FZCO, license number 29812, registered with the Dubai integrated economic zone authority, operating\",\"breadcrumb\":{\"@id\":\"https:\\\/\\\/getfully.ae\\\/terms-and-conditions-of-sale\\\/#breadcrumb\"},\"inLanguage\":\"fr-FR\",\"potentialAction\":[{\"@type\":\"ReadAction\",\"target\":[\"https:\\\/\\\/getfully.ae\\\/terms-and-conditions-of-sale\\\/\"]}]},{\"@type\":\"ImageObject\",\"inLanguage\":\"fr-FR\",\"@id\":\"https:\\\/\\\/getfully.ae\\\/terms-and-conditions-of-sale\\\/#primaryimage\",\"url\":\"https:\\\/\\\/getfully.ae\\\/wp-content\\\/uploads\\\/2026\\\/03\\\/Untitled-1.jpg\",\"contentUrl\":\"https:\\\/\\\/getfully.ae\\\/wp-content\\\/uploads\\\/2026\\\/03\\\/Untitled-1.jpg\",\"width\":1920,\"height\":953},{\"@type\":\"BreadcrumbList\",\"@id\":\"https:\\\/\\\/getfully.ae\\\/terms-and-conditions-of-sale\\\/#breadcrumb\",\"itemListElement\":[{\"@type\":\"ListItem\",\"position\":1,\"name\":\"Home\",\"item\":\"https:\\\/\\\/getfully.ae\\\/\"},{\"@type\":\"ListItem\",\"position\":2,\"name\":\"Terms and conditions of sale\"}]},{\"@type\":\"WebSite\",\"@id\":\"https:\\\/\\\/getfully.ae\\\/#website\",\"url\":\"https:\\\/\\\/getfully.ae\\\/\",\"name\":\"get fully\",\"description\":\"\",\"publisher\":{\"@id\":\"https:\\\/\\\/getfully.ae\\\/#organization\"},\"potentialAction\":[{\"@type\":\"SearchAction\",\"target\":{\"@type\":\"EntryPoint\",\"urlTemplate\":\"https:\\\/\\\/getfully.ae\\\/?s={search_term_string}\"},\"query-input\":{\"@type\":\"PropertyValueSpecification\",\"valueRequired\":true,\"valueName\":\"search_term_string\"}}],\"inLanguage\":\"fr-FR\"},{\"@type\":\"Organization\",\"@id\":\"https:\\\/\\\/getfully.ae\\\/#organization\",\"name\":\"get fully\",\"url\":\"https:\\\/\\\/getfully.ae\\\/\",\"logo\":{\"@type\":\"ImageObject\",\"inLanguage\":\"fr-FR\",\"@id\":\"https:\\\/\\\/getfully.ae\\\/#\\\/schema\\\/logo\\\/image\\\/\",\"url\":\"https:\\\/\\\/getfully.ae\\\/wp-content\\\/uploads\\\/2026\\\/03\\\/imgi_34_cropped-FAVICON-500x500px-RVB_Plan-de-travail-1-copie-4-medium.png\",\"contentUrl\":\"https:\\\/\\\/getfully.ae\\\/wp-content\\\/uploads\\\/2026\\\/03\\\/imgi_34_cropped-FAVICON-500x500px-RVB_Plan-de-travail-1-copie-4-medium.png\",\"width\":300,\"height\":300,\"caption\":\"get fully\"},\"image\":{\"@id\":\"https:\\\/\\\/getfully.ae\\\/#\\\/schema\\\/logo\\\/image\\\/\"}}]}<\/script>\n<!-- \/ Yoast SEO Premium plugin. -->","yoast_head_json":{"title":"Terms and conditions of sale - get fully","description":"These terms and conditions of sale are issued by RGLS-FZCO, license number 29812, registered with the Dubai integrated economic zone authority, operating","robots":{"index":"index","follow":"follow","max-snippet":"max-snippet:-1","max-image-preview":"max-image-preview:large","max-video-preview":"max-video-preview:-1"},"canonical":"https:\/\/getfully.ae\/fr\/terms-and-conditions-of-sale\/","og_locale":"fr_FR","og_type":"article","og_title":"Terms and conditions of sale","og_description":"These terms and conditions of sale are issued by RGLS-FZCO, license number 29812, registered with the Dubai integrated economic zone authority, operating","og_url":"https:\/\/getfully.ae\/fr\/terms-and-conditions-of-sale\/","og_site_name":"get fully","article_modified_time":"2026-04-02T10:19:31+00:00","og_image":[{"width":1920,"height":953,"url":"https:\/\/getfully.ae\/wp-content\/uploads\/2026\/03\/Untitled-1.jpg","type":"image\/jpeg"}],"twitter_card":"summary_large_image","twitter_misc":{"Dur\u00e9e de lecture estim\u00e9e":"3 minutes"},"schema":{"@context":"https:\/\/schema.org","@graph":[{"@type":"WebPage","@id":"https:\/\/getfully.ae\/terms-and-conditions-of-sale\/","url":"https:\/\/getfully.ae\/terms-and-conditions-of-sale\/","name":"Terms and conditions of sale - get fully","isPartOf":{"@id":"https:\/\/getfully.ae\/#website"},"primaryImageOfPage":{"@id":"https:\/\/getfully.ae\/terms-and-conditions-of-sale\/#primaryimage"},"image":{"@id":"https:\/\/getfully.ae\/terms-and-conditions-of-sale\/#primaryimage"},"thumbnailUrl":"https:\/\/getfully.ae\/wp-content\/uploads\/2026\/03\/Untitled-1.jpg","datePublished":"2026-03-15T10:24:51+00:00","dateModified":"2026-04-02T10:19:31+00:00","description":"These terms and conditions of sale are issued by RGLS-FZCO, license number 29812, registered with the Dubai integrated economic zone authority, operating","breadcrumb":{"@id":"https:\/\/getfully.ae\/terms-and-conditions-of-sale\/#breadcrumb"},"inLanguage":"fr-FR","potentialAction":[{"@type":"ReadAction","target":["https:\/\/getfully.ae\/terms-and-conditions-of-sale\/"]}]},{"@type":"ImageObject","inLanguage":"fr-FR","@id":"https:\/\/getfully.ae\/terms-and-conditions-of-sale\/#primaryimage","url":"https:\/\/getfully.ae\/wp-content\/uploads\/2026\/03\/Untitled-1.jpg","contentUrl":"https:\/\/getfully.ae\/wp-content\/uploads\/2026\/03\/Untitled-1.jpg","width":1920,"height":953},{"@type":"BreadcrumbList","@id":"https:\/\/getfully.ae\/terms-and-conditions-of-sale\/#breadcrumb","itemListElement":[{"@type":"ListItem","position":1,"name":"Home","item":"https:\/\/getfully.ae\/"},{"@type":"ListItem","position":2,"name":"Terms and conditions of sale"}]},{"@type":"WebSite","@id":"https:\/\/getfully.ae\/#website","url":"https:\/\/getfully.ae\/","name":"get fully","description":"","publisher":{"@id":"https:\/\/getfully.ae\/#organization"},"potentialAction":[{"@type":"SearchAction","target":{"@type":"EntryPoint","urlTemplate":"https:\/\/getfully.ae\/?s={search_term_string}"},"query-input":{"@type":"PropertyValueSpecification","valueRequired":true,"valueName":"search_term_string"}}],"inLanguage":"fr-FR"},{"@type":"Organization","@id":"https:\/\/getfully.ae\/#organization","name":"get fully","url":"https:\/\/getfully.ae\/","logo":{"@type":"ImageObject","inLanguage":"fr-FR","@id":"https:\/\/getfully.ae\/#\/schema\/logo\/image\/","url":"https:\/\/getfully.ae\/wp-content\/uploads\/2026\/03\/imgi_34_cropped-FAVICON-500x500px-RVB_Plan-de-travail-1-copie-4-medium.png","contentUrl":"https:\/\/getfully.ae\/wp-content\/uploads\/2026\/03\/imgi_34_cropped-FAVICON-500x500px-RVB_Plan-de-travail-1-copie-4-medium.png","width":300,"height":300,"caption":"get fully"},"image":{"@id":"https:\/\/getfully.ae\/#\/schema\/logo\/image\/"}}]}},"_links":{"self":[{"href":"https:\/\/getfully.ae\/fr\/wp-json\/wp\/v2\/pages\/288","targetHints":{"allow":["GET"]}}],"collection":[{"href":"https:\/\/getfully.ae\/fr\/wp-json\/wp\/v2\/pages"}],"about":[{"href":"https:\/\/getfully.ae\/fr\/wp-json\/wp\/v2\/types\/page"}],"author":[{"embeddable":true,"href":"https:\/\/getfully.ae\/fr\/wp-json\/wp\/v2\/users\/1"}],"replies":[{"embeddable":true,"href":"https:\/\/getfully.ae\/fr\/wp-json\/wp\/v2\/comments?post=288"}],"version-history":[{"count":108,"href":"https:\/\/getfully.ae\/fr\/wp-json\/wp\/v2\/pages\/288\/revisions"}],"predecessor-version":[{"id":2226,"href":"https:\/\/getfully.ae\/fr\/wp-json\/wp\/v2\/pages\/288\/revisions\/2226"}],"wp:featuredmedia":[{"embeddable":true,"href":"https:\/\/getfully.ae\/fr\/wp-json\/wp\/v2\/media\/2132"}],"wp:attachment":[{"href":"https:\/\/getfully.ae\/fr\/wp-json\/wp\/v2\/media?parent=288"}],"curies":[{"name":"wp","href":"https:\/\/api.w.org\/{rel}","templated":true}]}}