{"id":748,"date":"2026-03-16T12:48:41","date_gmt":"2026-03-16T12:48:41","guid":{"rendered":"https:\/\/getfully.ae\/?page_id=748"},"modified":"2026-03-30T13:52:18","modified_gmt":"2026-03-30T13:52:18","slug":"terms-of-use","status":"publish","type":"page","link":"https:\/\/getfully.ae\/fr\/terms-of-use\/","title":{"rendered":"Conditions d'utilisation"},"content":{"rendered":"<div data-elementor-type=\"wp-page\" data-elementor-id=\"748\" class=\"elementor elementor-748\" data-elementor-post-type=\"page\">\n\t\t\t\t<section class=\"elementor-element elementor-element-a7c8b22 e-flex e-con-boxed e-con e-parent\" data-id=\"a7c8b22\" data-element_type=\"container\" data-e-type=\"container\" data-settings=\"{&quot;background_background&quot;:&quot;classic&quot;}\">\n\t\t\t\t\t<div class=\"e-con-inner\">\n\t\t\t\t<div class=\"elementor-element elementor-element-5e601c1 elementor-widget__width-inherit elementor-widget elementor-widget-heading\" data-id=\"5e601c1\" data-element_type=\"widget\" data-e-type=\"widget\" data-widget_type=\"heading.default\">\n\t\t\t\t\t<h1 class=\"elementor-heading-title elementor-size-default\">Conditions d\u2019utilisation\n<\/h1>\t\t\t\t<\/div>\n\t\t\t\t<div class=\"elementor-element elementor-element-e72ce5a elementor-widget elementor-widget-text-editor\" data-id=\"e72ce5a\" data-element_type=\"widget\" data-e-type=\"widget\" data-widget_type=\"text-editor.default\">\n\t\t\t\t\t\t\t\t\t<section><h2 class=\"font-display text-foreground text-lg mb-3 tracking-wide\">1. Informations sur l\u2019entreprise<\/h2><p>Ce site internet est exploit\u00e9 par RGLS-FZCO, licence n\u00b0 29812, d\u00e9livr\u00e9e par la Dubai integrated economic zone authority, sous la marque get fully.<\/p><p class=\"mt-3\"><strong class=\"text-foreground\">Adresse du si\u00e8ge social:<\/strong><br \/>DSO-IFZA, IFZA Properties, Dubai Silicon Oasis, Duba\u00ef, \u00c9mirats arabes unis<\/p><p class=\"mt-3\"><strong class=\"text-foreground\">Contact:<\/strong><br \/>Courriel: <a href=\"mailto:contact@getfully.ae\">contact@getfully.ae<\/a><br \/>T\u00e9l\u00e9phone: <a href=\"tel:971507276590\">+971 50 727 6590<\/a><\/p><\/section><section><h2 class=\"font-display text-foreground text-lg mb-3 tracking-wide\">2. Acceptation des conditions<\/h2><p>En acc\u00e9dant \u00e0 ce site ou en l\u2019utilisant, vous acceptez d\u2019\u00eatre li\u00e9 par les pr\u00e9sentes Conditions d\u2019utilisation ainsi que par toutes les lois et r\u00e9glementations applicables. Si vous n\u2019acceptez pas ces conditions, veuillez ne pas utiliser le site.<\/p><\/section><section><h2 class=\"font-display text-foreground text-lg mb-3 tracking-wide\">3. Utilisation du site<\/h2><p>Vous \u00eates autoris\u00e9 \u00e0 utiliser ce site uniquement dans le but de d\u00e9couvrir nos services et de nous contacter. Tout acc\u00e8s non autoris\u00e9, ing\u00e9nierie invers\u00e9e, ou utilisation du site \u00e0 des fins frauduleuses, trompeuses ou nuisibles est strictement interdit.<\/p><\/section><section><h2 class=\"font-display text-foreground text-lg mb-3 tracking-wide\">4. Processus de commande<\/h2><p>Les packs d\u2019ameublement peuvent \u00eatre consult\u00e9s et demand\u00e9s via le site ou par WhatsApp. Une fois la demande envoy\u00e9e, notre \u00e9quipe confirmera la disponibilit\u00e9 et les d\u00e9tails. L\u2019envoi d\u2019une commande constitue une demande, qui devient contractuelle uniquement apr\u00e8s confirmation et r\u00e9ception du paiement.\n\nLes conditions d\u2019annulation et de remboursement, lorsqu\u2019elles s\u2019appliquent, seront pr\u00e9cis\u00e9es lors de la confirmation de commande.<\/p><\/section><section><h2 class=\"font-display text-foreground text-lg mb-3 tracking-wide\">5. Propri\u00e9t\u00e9 intellectuelle<\/h2><p>Tous les textes, images, visuels 3D, logos et autres contenus pr\u00e9sents sur le site sont la propri\u00e9t\u00e9 intellectuelle de get fully ou de ses partenaires. Toute reproduction, distribution ou r\u00e9utilisation du contenu sans autorisation \u00e9crite expresse est interdite.\n\nToutes les marques d\u00e9pos\u00e9es et noms commerciaux appartiennent \u00e0 leurs propri\u00e9taires respectifs.<\/p><\/section><section><h2 class=\"font-display text-foreground text-lg mb-3 tracking-wide\">6. Limitation de responsabilit\u00e9<\/h2><p>get fully s\u2019efforce de fournir des informations exactes et \u00e0 jour, mais ne garantit pas l\u2019absence d\u2019erreurs ou l\u2019exhaustivit\u00e9 du contenu. Nous d\u00e9clinons toute responsabilit\u00e9 pour les dommages directs, indirects, accessoires ou cons\u00e9cutifs li\u00e9s \u00e0 l\u2019utilisation de ce site.<\/p><\/section><section><h2 class=\"font-display text-foreground text-lg mb-3 tracking-wide\">7. Liens externes<\/h2><p>Ce site peut contenir des liens vers des sites tiers (par exemple : WhatsApp, Instagram). Nous ne sommes pas responsables du contenu, de l\u2019exactitude ou des pratiques de confidentialit\u00e9 de ces sites.<\/p><\/section><section><h2 class=\"font-display text-foreground text-lg mb-3 tracking-wide\">8. Modifications<\/h2><p>get fully se r\u00e9serve le droit de modifier ces Conditions d\u2019utilisation \u00e0 tout moment, sans pr\u00e9avis. L\u2019utilisation continue du site apr\u00e8s modification implique l\u2019acceptation des nouvelles conditions.<\/p><\/section><section><h2 class=\"font-display text-foreground text-lg mb-3 tracking-wide\">9. Droit applicable<\/h2><p>Les pr\u00e9sentes Conditions d\u2019utilisation sont r\u00e9gies par le droit des \u00c9mirats arabes unis. Tout litige sera soumis \u00e0 la juridiction exclusive des tribunaux de Duba\u00ef.<\/p><\/section><section><h2 class=\"font-display text-foreground text-lg mb-3 tracking-wide\">10. Politique de confidentialit\u00e9<\/h2><p>Veuillez consulter notre\u00a0<span style=\"text-decoration: underline;\"><a class=\"text-secondary hover:underline\" href=\"https:\/\/getfully.ae\/fr\/privacy-policy\/\">Politique de confidentialit\u00e9<\/a><\/span>\u00a0pour en savoir plus sur la collecte, l\u2019utilisation et la protection de vos donn\u00e9es personnelles.<\/p><\/section>\t\t\t\t\t\t\t\t<\/div>\n\t\t\t\t<div class=\"elementor-element elementor-element-b82e361 elementor-widget-divider--view-line elementor-widget elementor-widget-divider\" data-id=\"b82e361\" data-element_type=\"widget\" data-e-type=\"widget\" data-widget_type=\"divider.default\">\n\t\t\t\t\t\t\t<div class=\"elementor-divider\">\n\t\t\t<span class=\"elementor-divider-separator\">\n\t\t\t\t\t\t<\/span>\n\t\t<\/div>\n\t\t\t\t\t\t<\/div>\n\t\t\t\t<div class=\"elementor-element elementor-element-5e2f1d5 elementor-widget elementor-widget-text-editor\" data-id=\"5e2f1d5\" data-element_type=\"widget\" data-e-type=\"widget\" data-widget_type=\"text-editor.default\">\n\t\t\t\t\t\t\t\t\t<p>Derni\u00e8re mise \u00e0 jour: 04\/05\/2025<\/p>\t\t\t\t\t\t\t\t<\/div>\n\t\t\t\t\t<\/div>\n\t\t\t\t<\/section>\n\t\t\t\t<\/div>","protected":false},"excerpt":{"rendered":"<p>Terms of use 1. Company information This website is operated by RGLS-FZCO, license number 29812, issued by the Dubai integrated economic zone authority, under the brand name get fully. Registered address: DSO-IFZA, IFZA properties, Dubai Silicon Oasis, Dubai, United Arab Emirates Contact: Email: contact@getfully.ae Phone: +971 50 727 6590 2. Acceptance of terms By accessing [&hellip;]<\/p>\n","protected":false},"author":1,"featured_media":2132,"parent":0,"menu_order":0,"comment_status":"closed","ping_status":"closed","template":"elementor_header_footer","meta":{"footnotes":""},"class_list":["post-748","page","type-page","status-publish","has-post-thumbnail","hentry"],"yoast_head":"<!-- This site is optimized with the Yoast SEO Premium plugin v27.1 (Yoast SEO v27.3) - https:\/\/yoast.com\/product\/yoast-seo-premium-wordpress\/ -->\n<title>Terms of use - get fully<\/title>\n<meta name=\"description\" content=\"This website is operated by RGLS-FZCO, license number 29812, issued by the Dubai integrated economic zone authority, under the brand name get fully.\" \/>\n<meta name=\"robots\" content=\"index, follow, max-snippet:-1, max-image-preview:large, max-video-preview:-1\" \/>\n<link rel=\"canonical\" href=\"https:\/\/getfully.ae\/fr\/terms-of-use\/\" \/>\n<meta property=\"og:locale\" content=\"fr_FR\" \/>\n<meta property=\"og:type\" content=\"article\" \/>\n<meta property=\"og:title\" content=\"Terms of Use\" \/>\n<meta property=\"og:description\" content=\"This website is operated by RGLS-FZCO, license number 29812, issued by the Dubai integrated economic zone authority, under the brand name get fully.\" \/>\n<meta property=\"og:url\" content=\"https:\/\/getfully.ae\/fr\/terms-of-use\/\" \/>\n<meta property=\"og:site_name\" content=\"get fully\" \/>\n<meta property=\"article:modified_time\" content=\"2026-03-30T13:52:18+00:00\" \/>\n<meta property=\"og:image\" content=\"https:\/\/getfully.ae\/wp-content\/uploads\/2026\/03\/Untitled-1.jpg\" \/>\n\t<meta property=\"og:image:width\" content=\"1920\" \/>\n\t<meta property=\"og:image:height\" content=\"953\" \/>\n\t<meta property=\"og:image:type\" content=\"image\/jpeg\" \/>\n<meta name=\"twitter:card\" content=\"summary_large_image\" \/>\n<meta name=\"twitter:label1\" content=\"Dur\u00e9e de lecture estim\u00e9e\" \/>\n\t<meta name=\"twitter:data1\" content=\"2 minutes\" \/>\n<script type=\"application\/ld+json\" class=\"yoast-schema-graph\">{\"@context\":\"https:\\\/\\\/schema.org\",\"@graph\":[{\"@type\":\"WebPage\",\"@id\":\"https:\\\/\\\/getfully.ae\\\/terms-of-use\\\/\",\"url\":\"https:\\\/\\\/getfully.ae\\\/terms-of-use\\\/\",\"name\":\"Terms of use - get fully\",\"isPartOf\":{\"@id\":\"https:\\\/\\\/getfully.ae\\\/#website\"},\"primaryImageOfPage\":{\"@id\":\"https:\\\/\\\/getfully.ae\\\/terms-of-use\\\/#primaryimage\"},\"image\":{\"@id\":\"https:\\\/\\\/getfully.ae\\\/terms-of-use\\\/#primaryimage\"},\"thumbnailUrl\":\"https:\\\/\\\/getfully.ae\\\/wp-content\\\/uploads\\\/2026\\\/03\\\/Untitled-1.jpg\",\"datePublished\":\"2026-03-16T12:48:41+00:00\",\"dateModified\":\"2026-03-30T13:52:18+00:00\",\"description\":\"This website is operated by RGLS-FZCO, license number 29812, issued by the Dubai integrated economic zone authority, under the brand name get fully.\",\"breadcrumb\":{\"@id\":\"https:\\\/\\\/getfully.ae\\\/terms-of-use\\\/#breadcrumb\"},\"inLanguage\":\"fr-FR\",\"potentialAction\":[{\"@type\":\"ReadAction\",\"target\":[\"https:\\\/\\\/getfully.ae\\\/terms-of-use\\\/\"]}]},{\"@type\":\"ImageObject\",\"inLanguage\":\"fr-FR\",\"@id\":\"https:\\\/\\\/getfully.ae\\\/terms-of-use\\\/#primaryimage\",\"url\":\"https:\\\/\\\/getfully.ae\\\/wp-content\\\/uploads\\\/2026\\\/03\\\/Untitled-1.jpg\",\"contentUrl\":\"https:\\\/\\\/getfully.ae\\\/wp-content\\\/uploads\\\/2026\\\/03\\\/Untitled-1.jpg\",\"width\":1920,\"height\":953},{\"@type\":\"BreadcrumbList\",\"@id\":\"https:\\\/\\\/getfully.ae\\\/terms-of-use\\\/#breadcrumb\",\"itemListElement\":[{\"@type\":\"ListItem\",\"position\":1,\"name\":\"Home\",\"item\":\"https:\\\/\\\/getfully.ae\\\/\"},{\"@type\":\"ListItem\",\"position\":2,\"name\":\"Terms of Use\"}]},{\"@type\":\"WebSite\",\"@id\":\"https:\\\/\\\/getfully.ae\\\/#website\",\"url\":\"https:\\\/\\\/getfully.ae\\\/\",\"name\":\"get fully\",\"description\":\"\",\"publisher\":{\"@id\":\"https:\\\/\\\/getfully.ae\\\/#organization\"},\"potentialAction\":[{\"@type\":\"SearchAction\",\"target\":{\"@type\":\"EntryPoint\",\"urlTemplate\":\"https:\\\/\\\/getfully.ae\\\/?s={search_term_string}\"},\"query-input\":{\"@type\":\"PropertyValueSpecification\",\"valueRequired\":true,\"valueName\":\"search_term_string\"}}],\"inLanguage\":\"fr-FR\"},{\"@type\":\"Organization\",\"@id\":\"https:\\\/\\\/getfully.ae\\\/#organization\",\"name\":\"get fully\",\"url\":\"https:\\\/\\\/getfully.ae\\\/\",\"logo\":{\"@type\":\"ImageObject\",\"inLanguage\":\"fr-FR\",\"@id\":\"https:\\\/\\\/getfully.ae\\\/#\\\/schema\\\/logo\\\/image\\\/\",\"url\":\"https:\\\/\\\/getfully.ae\\\/wp-content\\\/uploads\\\/2026\\\/03\\\/imgi_34_cropped-FAVICON-500x500px-RVB_Plan-de-travail-1-copie-4-medium.png\",\"contentUrl\":\"https:\\\/\\\/getfully.ae\\\/wp-content\\\/uploads\\\/2026\\\/03\\\/imgi_34_cropped-FAVICON-500x500px-RVB_Plan-de-travail-1-copie-4-medium.png\",\"width\":300,\"height\":300,\"caption\":\"get fully\"},\"image\":{\"@id\":\"https:\\\/\\\/getfully.ae\\\/#\\\/schema\\\/logo\\\/image\\\/\"}}]}<\/script>\n<!-- \/ Yoast SEO Premium plugin. -->","yoast_head_json":{"title":"Terms of use - get fully","description":"Ce site internet est exploit\u00e9 par RGLS-FZCO, licence n\u00b0 29812, d\u00e9livr\u00e9e par la Dubai integrated economic zone authority, sous la marque get fully.","robots":{"index":"index","follow":"follow","max-snippet":"max-snippet:-1","max-image-preview":"max-image-preview:large","max-video-preview":"max-video-preview:-1"},"canonical":"https:\/\/getfully.ae\/fr\/terms-of-use\/","og_locale":"fr_FR","og_type":"article","og_title":"Terms of Use","og_description":"This website is operated by RGLS-FZCO, license number 29812, issued by the Dubai integrated economic zone authority, under the brand name get fully.","og_url":"https:\/\/getfully.ae\/fr\/terms-of-use\/","og_site_name":"get fully","article_modified_time":"2026-03-30T13:52:18+00:00","og_image":[{"width":1920,"height":953,"url":"https:\/\/getfully.ae\/wp-content\/uploads\/2026\/03\/Untitled-1.jpg","type":"image\/jpeg"}],"twitter_card":"summary_large_image","twitter_misc":{"Dur\u00e9e de lecture estim\u00e9e":"2 minutes"},"schema":{"@context":"https:\/\/schema.org","@graph":[{"@type":"WebPage","@id":"https:\/\/getfully.ae\/terms-of-use\/","url":"https:\/\/getfully.ae\/terms-of-use\/","name":"Terms of use - get fully","isPartOf":{"@id":"https:\/\/getfully.ae\/#website"},"primaryImageOfPage":{"@id":"https:\/\/getfully.ae\/terms-of-use\/#primaryimage"},"image":{"@id":"https:\/\/getfully.ae\/terms-of-use\/#primaryimage"},"thumbnailUrl":"https:\/\/getfully.ae\/wp-content\/uploads\/2026\/03\/Untitled-1.jpg","datePublished":"2026-03-16T12:48:41+00:00","dateModified":"2026-03-30T13:52:18+00:00","description":"Ce site internet est exploit\u00e9 par RGLS-FZCO, licence n\u00b0 29812, d\u00e9livr\u00e9e par la Dubai integrated economic zone authority, sous la marque get fully.","breadcrumb":{"@id":"https:\/\/getfully.ae\/terms-of-use\/#breadcrumb"},"inLanguage":"fr-FR","potentialAction":[{"@type":"ReadAction","target":["https:\/\/getfully.ae\/terms-of-use\/"]}]},{"@type":"ImageObject","inLanguage":"fr-FR","@id":"https:\/\/getfully.ae\/terms-of-use\/#primaryimage","url":"https:\/\/getfully.ae\/wp-content\/uploads\/2026\/03\/Untitled-1.jpg","contentUrl":"https:\/\/getfully.ae\/wp-content\/uploads\/2026\/03\/Untitled-1.jpg","width":1920,"height":953},{"@type":"BreadcrumbList","@id":"https:\/\/getfully.ae\/terms-of-use\/#breadcrumb","itemListElement":[{"@type":"ListItem","position":1,"name":"Home","item":"https:\/\/getfully.ae\/"},{"@type":"ListItem","position":2,"name":"Terms of Use"}]},{"@type":"WebSite","@id":"https:\/\/getfully.ae\/#website","url":"https:\/\/getfully.ae\/","name":"get fully","description":"","publisher":{"@id":"https:\/\/getfully.ae\/#organization"},"potentialAction":[{"@type":"SearchAction","target":{"@type":"EntryPoint","urlTemplate":"https:\/\/getfully.ae\/?s={search_term_string}"},"query-input":{"@type":"PropertyValueSpecification","valueRequired":true,"valueName":"search_term_string"}}],"inLanguage":"fr-FR"},{"@type":"Organization","@id":"https:\/\/getfully.ae\/#organization","name":"get fully","url":"https:\/\/getfully.ae\/","logo":{"@type":"ImageObject","inLanguage":"fr-FR","@id":"https:\/\/getfully.ae\/#\/schema\/logo\/image\/","url":"https:\/\/getfully.ae\/wp-content\/uploads\/2026\/03\/imgi_34_cropped-FAVICON-500x500px-RVB_Plan-de-travail-1-copie-4-medium.png","contentUrl":"https:\/\/getfully.ae\/wp-content\/uploads\/2026\/03\/imgi_34_cropped-FAVICON-500x500px-RVB_Plan-de-travail-1-copie-4-medium.png","width":300,"height":300,"caption":"get fully"},"image":{"@id":"https:\/\/getfully.ae\/#\/schema\/logo\/image\/"}}]}},"_links":{"self":[{"href":"https:\/\/getfully.ae\/fr\/wp-json\/wp\/v2\/pages\/748","targetHints":{"allow":["GET"]}}],"collection":[{"href":"https:\/\/getfully.ae\/fr\/wp-json\/wp\/v2\/pages"}],"about":[{"href":"https:\/\/getfully.ae\/fr\/wp-json\/wp\/v2\/types\/page"}],"author":[{"embeddable":true,"href":"https:\/\/getfully.ae\/fr\/wp-json\/wp\/v2\/users\/1"}],"replies":[{"embeddable":true,"href":"https:\/\/getfully.ae\/fr\/wp-json\/wp\/v2\/comments?post=748"}],"version-history":[{"count":57,"href":"https:\/\/getfully.ae\/fr\/wp-json\/wp\/v2\/pages\/748\/revisions"}],"predecessor-version":[{"id":2127,"href":"https:\/\/getfully.ae\/fr\/wp-json\/wp\/v2\/pages\/748\/revisions\/2127"}],"wp:featuredmedia":[{"embeddable":true,"href":"https:\/\/getfully.ae\/fr\/wp-json\/wp\/v2\/media\/2132"}],"wp:attachment":[{"href":"https:\/\/getfully.ae\/fr\/wp-json\/wp\/v2\/media?parent=748"}],"curies":[{"name":"wp","href":"https:\/\/api.w.org\/{rel}","templated":true}]}}