{"id":768,"date":"2026-03-16T12:52:27","date_gmt":"2026-03-16T12:52:27","guid":{"rendered":"https:\/\/getfully.ae\/?page_id=768"},"modified":"2026-03-30T13:51:01","modified_gmt":"2026-03-30T13:51:01","slug":"privacy-policy","status":"publish","type":"page","link":"https:\/\/getfully.ae\/fr\/privacy-policy\/","title":{"rendered":"Politique de confidentialit\u00e9"},"content":{"rendered":"<div data-elementor-type=\"wp-page\" data-elementor-id=\"768\" class=\"elementor elementor-768\" data-elementor-post-type=\"page\">\n\t\t\t\t<section class=\"elementor-element elementor-element-30b1d31 e-flex e-con-boxed e-con e-parent\" data-id=\"30b1d31\" data-element_type=\"container\" data-e-type=\"container\" data-settings=\"{&quot;background_background&quot;:&quot;classic&quot;}\">\n\t\t\t\t\t<div class=\"e-con-inner\">\n\t\t\t\t<div class=\"elementor-element elementor-element-b0e811b elementor-widget__width-inherit elementor-widget elementor-widget-heading\" data-id=\"b0e811b\" data-element_type=\"widget\" data-e-type=\"widget\" data-widget_type=\"heading.default\">\n\t\t\t\t\t<h1 class=\"elementor-heading-title elementor-size-default\">Politique de confidentialit\u00e9\n<\/h1>\t\t\t\t<\/div>\n\t\t\t\t<div class=\"elementor-element elementor-element-92584e1 elementor-widget elementor-widget-text-editor\" data-id=\"92584e1\" data-element_type=\"widget\" data-e-type=\"widget\" data-widget_type=\"text-editor.default\">\n\t\t\t\t\t\t\t\t\t<section><section><h2 class=\"font-display text-foreground text-lg mb-3 tracking-wide\">1. Informations sur l\u2019entreprise<\/h2><p>Cette politique de confidentialit\u00e9 est publi\u00e9e par RGLS-FZCO, num\u00e9ro de licence 29812, enregistr\u00e9e aupr\u00e8s de l\u2019autorit\u00e9 de la zone \u00e9conomique int\u00e9gr\u00e9e de Duba\u00ef et op\u00e9rant sous la marque get fully.<\/p><p class=\"mt-3\"><strong class=\"text-foreground\">Adresse du si\u00e8ge social:<\/strong><br \/>DSO-IFZA, IFZA Properties, Dubai Silicon Oasis, Dubai, United Arab Emirates<\/p><p class=\"mt-3\"><strong class=\"text-foreground\">Contact:<\/strong><br \/>Courriel: <a href=\"mailto:contact@getfully.ae\">contact@getfully.ae<\/a><br \/>T\u00e9l\u00e9phone: <a href=\"tel:971507276590\">+971 50 727 6590<\/a><\/p><\/section><section><h2 class=\"font-display text-foreground text-lg mb-3 tracking-wide\">2. Donn\u00e9es personnelles collect\u00e9es<\/h2><p>Nous pouvons recueillir les informations personnelles suivantes aupr\u00e8s de vous:<\/p><ul class=\"list-disc pl-5 mt-2 space-y-1\"><li>Nom complet<\/li><li>Num\u00e9ro de t\u00e9l\u00e9phone<\/li><li>Adresse \u00e9lectronique<\/li><li>Adresse de livraison<\/li><li>Num\u00e9ro WhatsApp et historique des communications<\/li><li>Tout d\u00e9tail suppl\u00e9mentaire que vous fournissez lors de votre commande<\/li><\/ul><p class=\"mt-2\">Nous ne recueillons que les informations n\u00e9cessaires au traitement de votre commande, \u00e0 la fourniture de nos services et \u00e0 une communication efficace avec vous.<\/p><\/section><section><h2 class=\"font-display text-foreground text-lg mb-3 tracking-wide\">3. Comment nous utilisons vos donn\u00e9es<\/h2><p>Vos donn\u00e9es sont utilis\u00e9es aux fins suivantes:<\/p><ul class=\"list-disc pl-5 mt-2 space-y-1\"><li>Traitement et gestion de vos commandes<\/li><li>Organiser la livraison et l\u2019installation<\/li><li>Communiquer avec vous par WhatsApp ou par courriel<\/li><li>Am\u00e9liorer nos services et notre assistance \u00e0 la client\u00e8le<\/li><li>remplir des obligations l\u00e9gales ou administratives<\/li><\/ul><p class=\"mt-2\">Nous ne vendons ni ne louons vos informations personnelles \u00e0 des tiers.<\/p><\/section><section><h2 class=\"font-display text-foreground text-lg mb-3 tracking-wide\">4. Partage des donn\u00e9es<\/h2><p>Vos informations ne peuvent \u00eatre partag\u00e9es qu\u2019avec<\/p><ul class=\"list-disc pl-5 mt-2 space-y-1\"><li>Notre \u00e9quipe interne (vente, logistique, installation)<\/li><li>Partenaires de mise en \u0153uvre et contractants<\/li><li>Gestion des b\u00e2timents (si n\u00e9cessaire pour organiser l\u2019acc\u00e8s ou les permis)<\/li><\/ul><p class=\"mt-2\">Tous les tiers sont tenus de traiter vos donn\u00e9es de mani\u00e8re confidentielle et uniquement \u00e0 des fins op\u00e9rationnelles.<\/p><\/section><section><h2 class=\"font-display text-foreground text-lg mb-3 tracking-wide\">5. S\u00e9curit\u00e9 des donn\u00e9es<\/h2><p>Nous mettons en \u0153uvre des mesures techniques et organisationnelles appropri\u00e9es pour prot\u00e9ger vos donn\u00e9es contre la perte, l\u2019utilisation abusive ou l\u2019acc\u00e8s non autoris\u00e9.<\/p><\/section><section><h2 class=\"font-display text-foreground text-lg mb-3 tracking-wide\">6. Vos droits<\/h2><p>En vertu des lois applicables en mati\u00e8re de protection des donn\u00e9es, vous avez le droit de:<\/p><ul class=\"list-disc pl-5 mt-2 space-y-1\"><li>Acc\u00e9der \u00e0 vos donn\u00e9es personnelles<\/li><li>Demander des corrections \u00e0 vos donn\u00e9es<\/li><li>Demander la suppression de vos donn\u00e9es (sauf si vous \u00eates l\u00e9galement tenu de les conserver)<\/li><\/ul><p class=\"mt-2\">Pour exercer vos droits, veuillez nous contacter \u00e0 l\u2019adresse suivante: <a href=\"mailto:contact@getfully.ae\">contact@getfully.ae<\/a><\/p><\/section><section><h2 class=\"font-display text-foreground text-lg mb-3 tracking-wide\">7. Cookies et analyses<\/h2><p>Notre site web peut utiliser des cookies pour am\u00e9liorer votre exp\u00e9rience de navigation et recueillir des statistiques d'utilisation anonymis\u00e9es. Vous pouvez d\u00e9sactiver les cookies dans les param\u00e8tres de votre navigateur ou g\u00e9rer vos pr\u00e9f\u00e9rences en mati\u00e8re de cookies.<\/p><\/section><section><h2 class=\"font-display text-foreground text-lg mb-3 tracking-wide\">8. Modifications de la politique de confidentialit\u00e9<\/h2><p>Nous pouvons mettre \u00e0 jour cette politique de confidentialit\u00e9 de temps \u00e0 autre. Toute modification sera publi\u00e9e sur cette page.<\/p><\/section><section><h2 class=\"font-display text-foreground text-lg mb-3 tracking-wide\">9. Droit applicable<\/h2><p>La pr\u00e9sente politique de confidentialit\u00e9 est r\u00e9gie par les lois des \u00c9mirats arabes unis. Tout litige sera soumis \u00e0 la juridiction des tribunaux de Duba\u00ef.<\/p><\/section><\/section>\t\t\t\t\t\t\t\t<\/div>\n\t\t\t\t<div class=\"elementor-element elementor-element-062b0d1 elementor-widget-divider--view-line elementor-widget elementor-widget-divider\" data-id=\"062b0d1\" data-element_type=\"widget\" data-e-type=\"widget\" data-widget_type=\"divider.default\">\n\t\t\t\t\t\t\t<div class=\"elementor-divider\">\n\t\t\t<span class=\"elementor-divider-separator\">\n\t\t\t\t\t\t<\/span>\n\t\t<\/div>\n\t\t\t\t\t\t<\/div>\n\t\t\t\t<div class=\"elementor-element elementor-element-432d0ce elementor-widget elementor-widget-text-editor\" data-id=\"432d0ce\" data-element_type=\"widget\" data-e-type=\"widget\" data-widget_type=\"text-editor.default\">\n\t\t\t\t\t\t\t\t\t<p>Derni\u00e8re mise \u00e0 jour: 04\/05\/2025<\/p>\t\t\t\t\t\t\t\t<\/div>\n\t\t\t\t\t<\/div>\n\t\t\t\t<\/section>\n\t\t\t\t<\/div>","protected":false},"excerpt":{"rendered":"<p>Privacy policy 1. Company information This privacy policy is issued by RGLS-FZCO, license number 29812, registered with the Dubai integrated economic zone authority, operating under the brand name get fully. Registered address: DSO-IFZA, IFZA Properties, Dubai Silicon Oasis, Dubai, United Arab Emirates Contact: Email: contact@getfully.ae Phone: +971 50 727 6590 2. Personal data collected We [&hellip;]<\/p>\n","protected":false},"author":1,"featured_media":2132,"parent":0,"menu_order":0,"comment_status":"closed","ping_status":"closed","template":"elementor_header_footer","meta":{"footnotes":""},"class_list":["post-768","page","type-page","status-publish","has-post-thumbnail","hentry"],"yoast_head":"<!-- This site is optimized with the Yoast SEO Premium plugin v27.1 (Yoast SEO v27.3) - https:\/\/yoast.com\/product\/yoast-seo-premium-wordpress\/ -->\n<title>Privacy policy - get fully<\/title>\n<meta name=\"description\" content=\"This privacy policy is issued by RGLS-FZCO, license number 29812, registered with the Dubai integrated economic zone authority, operating under the brand name\" \/>\n<meta name=\"robots\" content=\"index, follow, max-snippet:-1, max-image-preview:large, max-video-preview:-1\" \/>\n<link rel=\"canonical\" href=\"https:\/\/getfully.ae\/fr\/privacy-policy\/\" \/>\n<meta property=\"og:locale\" content=\"fr_FR\" \/>\n<meta property=\"og:type\" content=\"article\" \/>\n<meta property=\"og:title\" content=\"Privacy Policy\" \/>\n<meta property=\"og:description\" content=\"This privacy policy is issued by RGLS-FZCO, license number 29812, registered with the Dubai integrated economic zone authority, operating under the brand name\" \/>\n<meta property=\"og:url\" content=\"https:\/\/getfully.ae\/fr\/privacy-policy\/\" \/>\n<meta property=\"og:site_name\" content=\"get fully\" \/>\n<meta property=\"article:modified_time\" content=\"2026-03-30T13:51:01+00:00\" \/>\n<meta property=\"og:image\" content=\"https:\/\/getfully.ae\/wp-content\/uploads\/2026\/03\/Untitled-1.jpg\" \/>\n\t<meta property=\"og:image:width\" content=\"1920\" \/>\n\t<meta property=\"og:image:height\" content=\"953\" \/>\n\t<meta property=\"og:image:type\" content=\"image\/jpeg\" \/>\n<meta name=\"twitter:card\" content=\"summary_large_image\" \/>\n<meta name=\"twitter:label1\" content=\"Dur\u00e9e de lecture estim\u00e9e\" \/>\n\t<meta name=\"twitter:data1\" content=\"2 minutes\" \/>\n<script type=\"application\/ld+json\" class=\"yoast-schema-graph\">{\"@context\":\"https:\\\/\\\/schema.org\",\"@graph\":[{\"@type\":\"WebPage\",\"@id\":\"https:\\\/\\\/getfully.ae\\\/privacy-policy\\\/\",\"url\":\"https:\\\/\\\/getfully.ae\\\/privacy-policy\\\/\",\"name\":\"Privacy policy - get fully\",\"isPartOf\":{\"@id\":\"https:\\\/\\\/getfully.ae\\\/#website\"},\"primaryImageOfPage\":{\"@id\":\"https:\\\/\\\/getfully.ae\\\/privacy-policy\\\/#primaryimage\"},\"image\":{\"@id\":\"https:\\\/\\\/getfully.ae\\\/privacy-policy\\\/#primaryimage\"},\"thumbnailUrl\":\"https:\\\/\\\/getfully.ae\\\/wp-content\\\/uploads\\\/2026\\\/03\\\/Untitled-1.jpg\",\"datePublished\":\"2026-03-16T12:52:27+00:00\",\"dateModified\":\"2026-03-30T13:51:01+00:00\",\"description\":\"This privacy policy is issued by RGLS-FZCO, license number 29812, registered with the Dubai integrated economic zone authority, operating under the brand name\",\"breadcrumb\":{\"@id\":\"https:\\\/\\\/getfully.ae\\\/privacy-policy\\\/#breadcrumb\"},\"inLanguage\":\"fr-FR\",\"potentialAction\":[{\"@type\":\"ReadAction\",\"target\":[\"https:\\\/\\\/getfully.ae\\\/privacy-policy\\\/\"]}]},{\"@type\":\"ImageObject\",\"inLanguage\":\"fr-FR\",\"@id\":\"https:\\\/\\\/getfully.ae\\\/privacy-policy\\\/#primaryimage\",\"url\":\"https:\\\/\\\/getfully.ae\\\/wp-content\\\/uploads\\\/2026\\\/03\\\/Untitled-1.jpg\",\"contentUrl\":\"https:\\\/\\\/getfully.ae\\\/wp-content\\\/uploads\\\/2026\\\/03\\\/Untitled-1.jpg\",\"width\":1920,\"height\":953},{\"@type\":\"BreadcrumbList\",\"@id\":\"https:\\\/\\\/getfully.ae\\\/privacy-policy\\\/#breadcrumb\",\"itemListElement\":[{\"@type\":\"ListItem\",\"position\":1,\"name\":\"Home\",\"item\":\"https:\\\/\\\/getfully.ae\\\/\"},{\"@type\":\"ListItem\",\"position\":2,\"name\":\"Privacy Policy\"}]},{\"@type\":\"WebSite\",\"@id\":\"https:\\\/\\\/getfully.ae\\\/#website\",\"url\":\"https:\\\/\\\/getfully.ae\\\/\",\"name\":\"get fully\",\"description\":\"\",\"publisher\":{\"@id\":\"https:\\\/\\\/getfully.ae\\\/#organization\"},\"potentialAction\":[{\"@type\":\"SearchAction\",\"target\":{\"@type\":\"EntryPoint\",\"urlTemplate\":\"https:\\\/\\\/getfully.ae\\\/?s={search_term_string}\"},\"query-input\":{\"@type\":\"PropertyValueSpecification\",\"valueRequired\":true,\"valueName\":\"search_term_string\"}}],\"inLanguage\":\"fr-FR\"},{\"@type\":\"Organization\",\"@id\":\"https:\\\/\\\/getfully.ae\\\/#organization\",\"name\":\"get fully\",\"url\":\"https:\\\/\\\/getfully.ae\\\/\",\"logo\":{\"@type\":\"ImageObject\",\"inLanguage\":\"fr-FR\",\"@id\":\"https:\\\/\\\/getfully.ae\\\/#\\\/schema\\\/logo\\\/image\\\/\",\"url\":\"https:\\\/\\\/getfully.ae\\\/wp-content\\\/uploads\\\/2026\\\/03\\\/imgi_34_cropped-FAVICON-500x500px-RVB_Plan-de-travail-1-copie-4-medium.png\",\"contentUrl\":\"https:\\\/\\\/getfully.ae\\\/wp-content\\\/uploads\\\/2026\\\/03\\\/imgi_34_cropped-FAVICON-500x500px-RVB_Plan-de-travail-1-copie-4-medium.png\",\"width\":300,\"height\":300,\"caption\":\"get fully\"},\"image\":{\"@id\":\"https:\\\/\\\/getfully.ae\\\/#\\\/schema\\\/logo\\\/image\\\/\"}}]}<\/script>\n<!-- \/ Yoast SEO Premium plugin. -->","yoast_head_json":{"title":"Privacy policy - get fully","description":"This privacy policy is issued by RGLS-FZCO, license number 29812, registered with the Dubai integrated economic zone authority, operating under the brand name","robots":{"index":"index","follow":"follow","max-snippet":"max-snippet:-1","max-image-preview":"max-image-preview:large","max-video-preview":"max-video-preview:-1"},"canonical":"https:\/\/getfully.ae\/fr\/privacy-policy\/","og_locale":"fr_FR","og_type":"article","og_title":"Privacy Policy","og_description":"This privacy policy is issued by RGLS-FZCO, license number 29812, registered with the Dubai integrated economic zone authority, operating under the brand name","og_url":"https:\/\/getfully.ae\/fr\/privacy-policy\/","og_site_name":"get fully","article_modified_time":"2026-03-30T13:51:01+00:00","og_image":[{"width":1920,"height":953,"url":"https:\/\/getfully.ae\/wp-content\/uploads\/2026\/03\/Untitled-1.jpg","type":"image\/jpeg"}],"twitter_card":"summary_large_image","twitter_misc":{"Dur\u00e9e de lecture estim\u00e9e":"2 minutes"},"schema":{"@context":"https:\/\/schema.org","@graph":[{"@type":"WebPage","@id":"https:\/\/getfully.ae\/privacy-policy\/","url":"https:\/\/getfully.ae\/privacy-policy\/","name":"Privacy policy - get fully","isPartOf":{"@id":"https:\/\/getfully.ae\/#website"},"primaryImageOfPage":{"@id":"https:\/\/getfully.ae\/privacy-policy\/#primaryimage"},"image":{"@id":"https:\/\/getfully.ae\/privacy-policy\/#primaryimage"},"thumbnailUrl":"https:\/\/getfully.ae\/wp-content\/uploads\/2026\/03\/Untitled-1.jpg","datePublished":"2026-03-16T12:52:27+00:00","dateModified":"2026-03-30T13:51:01+00:00","description":"This privacy policy is issued by RGLS-FZCO, license number 29812, registered with the Dubai integrated economic zone authority, operating under the brand name","breadcrumb":{"@id":"https:\/\/getfully.ae\/privacy-policy\/#breadcrumb"},"inLanguage":"fr-FR","potentialAction":[{"@type":"ReadAction","target":["https:\/\/getfully.ae\/privacy-policy\/"]}]},{"@type":"ImageObject","inLanguage":"fr-FR","@id":"https:\/\/getfully.ae\/privacy-policy\/#primaryimage","url":"https:\/\/getfully.ae\/wp-content\/uploads\/2026\/03\/Untitled-1.jpg","contentUrl":"https:\/\/getfully.ae\/wp-content\/uploads\/2026\/03\/Untitled-1.jpg","width":1920,"height":953},{"@type":"BreadcrumbList","@id":"https:\/\/getfully.ae\/privacy-policy\/#breadcrumb","itemListElement":[{"@type":"ListItem","position":1,"name":"Home","item":"https:\/\/getfully.ae\/"},{"@type":"ListItem","position":2,"name":"Privacy Policy"}]},{"@type":"WebSite","@id":"https:\/\/getfully.ae\/#website","url":"https:\/\/getfully.ae\/","name":"get fully","description":"","publisher":{"@id":"https:\/\/getfully.ae\/#organization"},"potentialAction":[{"@type":"SearchAction","target":{"@type":"EntryPoint","urlTemplate":"https:\/\/getfully.ae\/?s={search_term_string}"},"query-input":{"@type":"PropertyValueSpecification","valueRequired":true,"valueName":"search_term_string"}}],"inLanguage":"fr-FR"},{"@type":"Organization","@id":"https:\/\/getfully.ae\/#organization","name":"get fully","url":"https:\/\/getfully.ae\/","logo":{"@type":"ImageObject","inLanguage":"fr-FR","@id":"https:\/\/getfully.ae\/#\/schema\/logo\/image\/","url":"https:\/\/getfully.ae\/wp-content\/uploads\/2026\/03\/imgi_34_cropped-FAVICON-500x500px-RVB_Plan-de-travail-1-copie-4-medium.png","contentUrl":"https:\/\/getfully.ae\/wp-content\/uploads\/2026\/03\/imgi_34_cropped-FAVICON-500x500px-RVB_Plan-de-travail-1-copie-4-medium.png","width":300,"height":300,"caption":"get fully"},"image":{"@id":"https:\/\/getfully.ae\/#\/schema\/logo\/image\/"}}]}},"_links":{"self":[{"href":"https:\/\/getfully.ae\/fr\/wp-json\/wp\/v2\/pages\/768","targetHints":{"allow":["GET"]}}],"collection":[{"href":"https:\/\/getfully.ae\/fr\/wp-json\/wp\/v2\/pages"}],"about":[{"href":"https:\/\/getfully.ae\/fr\/wp-json\/wp\/v2\/types\/page"}],"author":[{"embeddable":true,"href":"https:\/\/getfully.ae\/fr\/wp-json\/wp\/v2\/users\/1"}],"replies":[{"embeddable":true,"href":"https:\/\/getfully.ae\/fr\/wp-json\/wp\/v2\/comments?post=768"}],"version-history":[{"count":42,"href":"https:\/\/getfully.ae\/fr\/wp-json\/wp\/v2\/pages\/768\/revisions"}],"predecessor-version":[{"id":2124,"href":"https:\/\/getfully.ae\/fr\/wp-json\/wp\/v2\/pages\/768\/revisions\/2124"}],"wp:featuredmedia":[{"embeddable":true,"href":"https:\/\/getfully.ae\/fr\/wp-json\/wp\/v2\/media\/2132"}],"wp:attachment":[{"href":"https:\/\/getfully.ae\/fr\/wp-json\/wp\/v2\/media?parent=768"}],"curies":[{"name":"wp","href":"https:\/\/api.w.org\/{rel}","templated":true}]}}