{"id":786,"date":"2026-03-16T12:55:26","date_gmt":"2026-03-16T12:55:26","guid":{"rendered":"https:\/\/getfully.ae\/?page_id=786"},"modified":"2026-04-02T11:47:08","modified_gmt":"2026-04-02T11:47:08","slug":"cookie-policy","status":"publish","type":"page","link":"https:\/\/getfully.ae\/fr\/cookie-policy\/","title":{"rendered":"Politique en mati\u00e8re de cookies"},"content":{"rendered":"<div data-elementor-type=\"wp-page\" data-elementor-id=\"786\" class=\"elementor elementor-786\" data-elementor-post-type=\"page\">\n\t\t\t\t<section class=\"elementor-element elementor-element-8242e60 e-flex e-con-boxed e-con e-parent\" data-id=\"8242e60\" data-element_type=\"container\" data-e-type=\"container\" data-settings=\"{&quot;background_background&quot;:&quot;classic&quot;}\">\n\t\t\t\t\t<div class=\"e-con-inner\">\n\t\t\t\t<div class=\"elementor-element elementor-element-b3ee7d5 elementor-widget__width-inherit elementor-widget elementor-widget-heading\" data-id=\"b3ee7d5\" data-element_type=\"widget\" data-e-type=\"widget\" data-widget_type=\"heading.default\">\n\t\t\t\t\t<h1 class=\"elementor-heading-title elementor-size-default\">Politique en mati\u00e8re de cookies\n<\/h1>\t\t\t\t<\/div>\n\t\t\t\t<div class=\"elementor-element elementor-element-046bd43 elementor-widget elementor-widget-text-editor\" data-id=\"046bd43\" data-element_type=\"widget\" data-e-type=\"widget\" data-widget_type=\"text-editor.default\">\n\t\t\t\t\t\t\t\t\tLa pr\u00e9sente politique en mati\u00e8re de cookies a \u00e9t\u00e9 mise \u00e0 jour pour la derni\u00e8re fois le 10 mai 2025 et s'applique aux citoyens et aux r\u00e9sidents permanents l\u00e9gaux de l'Espace \u00e9conomique europ\u00e9en et de la Suisse.\n\n\t\t\t\t\t\t\t\t<\/div>\n\t\t\t\t<div class=\"elementor-element elementor-element-0a22e1d elementor-widget elementor-widget-text-editor\" data-id=\"0a22e1d\" data-element_type=\"widget\" data-e-type=\"widget\" data-widget_type=\"text-editor.default\">\n\t\t\t\t\t\t\t\t\t<section><section><section><h2 class=\"font-display text-foreground text-lg mb-3 tracking-wide\">1. Introduction<\/h2><p>Our website, <a href=\"https:\/\/getfully.ae\/fr\/\">https:\/\/getfully.ae\/<\/a> Notre site web, https:\/\/getfully.ae\/fr\/ (ci-apr\u00e8s : \u00ab le site web \u00bb) utilise des cookies et autres technologies li\u00e9es (par simplification, toutes ces technologies sont d\u00e9sign\u00e9es par le terme \u00ab cookies \u00bb). Des cookies sont \u00e9galement plac\u00e9s par des tierces parties que nous avons engag\u00e9es. Dans le document ci-dessous, nous vous informons de l\u2019utilisation des cookies sur notre site web.<\/p><\/section><section><h2 class=\"font-display text-foreground text-lg mb-3 tracking-wide\">2. Qu'est-ce qu'un cookie ?<\/h2><p>Un cookie est un petit fichier simple qui est envoy\u00e9 avec les pages de ce site web et stock\u00e9 par votre navigateur sur le disque dur de votre ordinateur ou d'un autre appareil. Les informations qui y sont stock\u00e9es peuvent \u00eatre renvoy\u00e9es \u00e0 nos serveurs ou aux serveurs des tiers concern\u00e9s lors d'une visite ult\u00e9rieure.<\/p><\/section><section><h2 class=\"font-display text-foreground text-lg mb-3 tracking-wide\">3. Qu'est-ce qu'un script ?<\/h2><p>Un script est un morceau de code de programme qui est utilis\u00e9 pour faire fonctionner notre site web correctement et de mani\u00e8re interactive. Ce code est ex\u00e9cut\u00e9 sur notre serveur ou sur votre appareil.<\/p><\/section><section><h2 class=\"font-display text-foreground text-lg mb-3 tracking-wide\">4. Qu'est-ce qu'une balise web ?<\/h2><p>Une balise web (ou pixel tag) est un petit \u00e9l\u00e9ment invisible de texte ou d'image sur un site web qui est utilis\u00e9 pour surveiller le trafic sur un site web. Pour ce faire, diverses donn\u00e9es vous concernant sont stock\u00e9es \u00e0 l'aide de balises web.<\/p><\/section><section><h2 class=\"font-display text-foreground text-lg mb-3 tracking-wide\">5. Cookies<\/h2><div class=\"space-y-4\"><div><h3 class=\"font-display text-foreground text-base mb-2\">5.1 Technique ou fonctionnel cookies<\/h3><p>Certains cookies garantissent que certaines parties du site web fonctionnent correctement et que vos pr\u00e9f\u00e9rences d'utilisateur restent connues. En pla\u00e7ant des cookies fonctionnels, nous facilitons votre visite sur notre site web. Ainsi, vous n'avez pas besoin de saisir plusieurs fois les m\u00eames informations lorsque vous visitez notre site web et, par exemple, les articles restent dans votre panier d'achat jusqu'\u00e0 ce que vous ayez pay\u00e9. Nous pouvons placer ces cookies sans votre consentement.<\/p><\/div><div><h3 class=\"font-display text-foreground text-base mb-2\">5.2 Cookies statistiques<\/h3><p>Nous utilisons des cookies statistiques afin d\u2019optimiser l\u2019exp\u00e9rience des internautes sur notre site web. Avec ces cookies statistiques, nous obtenons des informations sur l\u2019utilisation de notre site web. Nous demandons votre permission pour placer des cookies statistiques.<\/p><\/div><div><h3 class=\"font-display text-foreground text-base mb-2\">5.3 Cookies de marketing\/suivi<\/h3><p>Marketing\/Tracking cookies sont cookies ou toute autre forme de stockage local, utilis\u00e9s pour cr\u00e9er des profils d'utilisateurs afin d'afficher de la publicit\u00e9 ou de suivre l'utilisateur sur ce site web ou sur plusieurs sites web \u00e0 des fins de marketing similaires.<\/p><\/div><div><h3 class=\"font-display text-foreground text-base mb-2\">5.4 R\u00e9seaux sociaux<\/h3><p>Sur notre site web, nous avons inclus du contenu provenant de Instagram, Facebook, LinkedIn et WhatsApp pour promouvoir des pages web (par exemple \"like\", \"pin\") ou les partager (par exemple \"tweet\") sur des r\u00e9seaux sociaux tels que Instagram, Facebook, LinkedIn et WhatsApp. Ce contenu est int\u00e9gr\u00e9 \u00e0 un code d\u00e9riv\u00e9 de Instagram, Facebook, LinkedIn et WhatsApp et plac\u00e9 \u00e0 l'adresse cookies. Ce contenu peut stocker et traiter certaines informations \u00e0 des fins de publicit\u00e9 personnalis\u00e9e.<\/p><p class=\"mt-2\">Veuillez lire la d\u00e9claration de confidentialit\u00e9 de ces r\u00e9seaux sociaux (qui peut \u00eatre modifi\u00e9e r\u00e9guli\u00e8rement) afin de savoir ce qu\u2019ils font de vos donn\u00e9es (personnelles) trait\u00e9es en utilisant ces cookies. Les donn\u00e9es r\u00e9cup\u00e9r\u00e9es sont anonymis\u00e9es autant que possible. Instagram, Facebook, LinkedIn et WhatsApp sont situ\u00e9s aux \u00c9tats-Unis.<\/p><\/div><\/div><\/section><section><\/section><\/section><\/section>\t\t\t\t\t\t\t\t<\/div>\n\t\t\t\t<div class=\"elementor-element elementor-element-2477d42 elementor-widget elementor-widget-text-editor\" data-id=\"2477d42\" data-element_type=\"widget\" data-e-type=\"widget\" data-widget_type=\"text-editor.default\">\n\t\t\t\t\t\t\t\t\t<section><h2 class=\"font-display text-foreground text-lg mb-3 tracking-wide\">7. Consentement<\/h2><p>Lorsque vous visitez notre site web pour la premi\u00e8re fois, nous vous montrerons une fen\u00eatre contextuelle avec une explication sur les cookies. D\u00e8s que vous cliquez sur \u00ab Sauvegarder les pr\u00e9f\u00e9rences \u00bb vous nous autorisez \u00e0 utiliser les cat\u00e9gories de cookies et d\u2019extensions que vous avez s\u00e9lectionn\u00e9s dans la fen\u00eatre contextuelle, comme d\u00e9crit dans la pr\u00e9sente politique de cookies. Vous pouvez d\u00e9sactiver l\u2019utilisation des cookies via votre navigateur, mais veuillez noter que notre site web pourrait ne plus fonctionner correctement.<\/p><div class=\"mt-3\"><h3 class=\"font-display text-foreground text-base mb-2\">7.1 G\u00e9rer vos param\u00e8tres de consentement<\/h3><p>Nous avons re\u00e7u un signal de confidentialit\u00e9 de votre navigateur. Par cons\u00e9quent, nous avons limit\u00e9 vos param\u00e8tres de confidentialit\u00e9 sur ce site web aux fonctionnalit\u00e9s strictement n\u00e9cessaires. Pour b\u00e9n\u00e9ficier de toutes les fonctionnalit\u00e9s, veuillez exclure https:\/\/getfully.ae de vos param\u00e8tres de confidentialit\u00e9.<\/p><\/div><\/section><section><h2 class=\"font-display text-foreground text-lg mb-3 tracking-wide\">8. Activation\/d\u00e9sactivation et suppression cookies<\/h2><p>Vous pouvez utiliser votre navigateur Internet pour supprimer automatiquement ou manuellement cookies. Vous pouvez \u00e9galement sp\u00e9cifier que certains cookies ne peuvent pas \u00eatre plac\u00e9s. Vous pouvez \u00e9galement modifier les param\u00e8tres de votre navigateur Internet de mani\u00e8re \u00e0 recevoir un message chaque fois qu'un site cookie est plac\u00e9. Pour plus d'informations sur ces options, veuillez vous r\u00e9f\u00e9rer aux instructions de la section Aide de votre navigateur.<\/p><p class=\"mt-2\">Veuillez noter que notre site web peut ne pas fonctionner correctement si tous les cookies sont d\u00e9sactiv\u00e9s. Si vous supprimez les cookies dans votre navigateur, ils seront \u00e0 nouveau plac\u00e9s apr\u00e8s votre consentement lorsque vous visiterez \u00e0 nouveau notre site web.<\/p><\/section><section><h2 class=\"font-display text-foreground text-lg mb-3 tracking-wide\">9. Vos droits en mati\u00e8re de donn\u00e9es \u00e0 caract\u00e8re personnel<\/h2><p>You have the following rights with respect to your personal data:<\/p><ul class=\"list-disc pl-5 mt-2 space-y-1\"><li>Vous avez le droit de savoir pourquoi vos donn\u00e9es personnelles sont n\u00e9cessaires, ce qu'il en adviendra et combien de temps elles seront conserv\u00e9es.<\/li><li><strong class=\"text-foreground\">Droit d'acc\u00e8s :<\/strong>\u00a0Vous avez le droit d'acc\u00e9der \u00e0 vos donn\u00e9es personnelles dont nous avons connaissance.<\/li><li><strong class=\"text-foreground\">Droit de rectification :<\/strong>\u00a0vous avez le droit de compl\u00e9ter, de corriger, de faire supprimer ou de bloquer vos donn\u00e9es personnelles quand vous le souhaitez.<\/li><li>Si vous nous donnez votre consentement pour traiter vos donn\u00e9es, vous avez le droit de r\u00e9voquer ce consentement et de faire effacer vos donn\u00e9es personnelles.<\/li><li><strong class=\"text-foreground\">Right to transfer your data:<\/strong>\u00a0vous avez le droit de demander au responsable du traitement l'ensemble de vos donn\u00e9es \u00e0 caract\u00e8re personnel et de les transf\u00e9rer dans leur int\u00e9gralit\u00e9 \u00e0 un autre responsable du traitement.<\/li><li><strong class=\"text-foreground\">Droit d'opposition:<\/strong>\u00a0vous pouvez vous opposer au traitement de vos donn\u00e9es. Nous nous y conformons, \u00e0 moins qu'il n'existe des motifs justifi\u00e9s pour le traitement.<\/li><\/ul><p class=\"mt-2\">Pour exercer ces droits, veuillez nous contacter. Veuillez vous r\u00e9f\u00e9rer aux coordonn\u00e9es figurant au bas de la pr\u00e9sente politique en mati\u00e8re de cookies. Si vous avez une r\u00e9clamation concernant la mani\u00e8re dont nous traitons vos donn\u00e9es, nous aimerions l'entendre, mais vous avez \u00e9galement le droit de soumettre une r\u00e9clamation \u00e0 l'autorit\u00e9 de contr\u00f4le (l'Autorit\u00e9 de protection des donn\u00e9es).<\/p><\/section><section><h2 class=\"font-display text-foreground text-lg mb-3 tracking-wide\">10. Coordonn\u00e9es<\/h2><p>Pour toute question et\/ou commentaire concernant notre politique en mati\u00e8re de cookies et la pr\u00e9sente d\u00e9claration, veuillez nous contacter en utilisant les coordonn\u00e9es suivantes :<\/p><p class=\"mt-3\"><strong class=\"text-foreground\">RGLS-FZCO<\/strong><br \/>DSO-IFZA, IFZA Properties, Dubai Silicon Oasis, Dubai, United Arab Emirates<br \/>\u00c9mirats arabes unis<\/p><p class=\"mt-3\">Site web <a href=\"https:\/\/getfully.ae\/fr\/\">https:\/\/getfully.ae\/<\/a><br \/>Courriel: <a href=\"mailto:contact@getfully.ae\">contact@getfully.ae<\/a><br \/>T\u00e9l\u00e9phone: <a href=\"tel:971507276590\">+971 50 727 6590<\/a><\/p><\/section>\t\t\t\t\t\t\t\t<\/div>\n\t\t\t\t<div class=\"elementor-element elementor-element-45b5f45 elementor-widget-divider--view-line elementor-widget elementor-widget-divider\" data-id=\"45b5f45\" data-element_type=\"widget\" data-e-type=\"widget\" data-widget_type=\"divider.default\">\n\t\t\t\t\t\t\t<div class=\"elementor-divider\">\n\t\t\t<span class=\"elementor-divider-separator\">\n\t\t\t\t\t\t<\/span>\n\t\t<\/div>\n\t\t\t\t\t\t<\/div>\n\t\t\t\t<div class=\"elementor-element elementor-element-3aaaf1e elementor-widget elementor-widget-text-editor\" data-id=\"3aaaf1e\" data-element_type=\"widget\" data-e-type=\"widget\" data-widget_type=\"text-editor.default\">\n\t\t\t\t\t\t\t\t\tCette politique en mati\u00e8re de cookies a \u00e9t\u00e9 synchronis\u00e9e avec cookiedatabase.org le 15 juin 2025. \t\t\t\t\t\t\t\t<\/div>\n\t\t\t\t\t<\/div>\n\t\t\t\t<\/section>\n\t\t\t\t<\/div>","protected":false},"excerpt":{"rendered":"<p>Cookie policy This Cookie Policy was last updated on May 10, 2025 and applies to citizens and legal permanent residents of the European Economic Area and Switzerland. 1. Introduction Our website, https:\/\/getfully.ae\/ (hereinafter: &#8220;the website&#8221;) uses cookies and other related technologies (for convenience all technologies are referred to as &#8220;cookies&#8221;). Cookies are also placed by [&hellip;]<\/p>\n","protected":false},"author":1,"featured_media":2132,"parent":0,"menu_order":0,"comment_status":"closed","ping_status":"closed","template":"elementor_header_footer","meta":{"footnotes":""},"class_list":["post-786","page","type-page","status-publish","has-post-thumbnail","hentry"],"yoast_head":"<!-- This site is optimized with the Yoast SEO Premium plugin v27.1 (Yoast SEO v27.3) - https:\/\/yoast.com\/product\/yoast-seo-premium-wordpress\/ -->\n<title>Cookie Policy - get fully<\/title>\n<meta name=\"description\" content=\"This Cookie Policy was last updated on May 10, 2025 and applies to citizens and legal permanent residents of the European Economic Area and Switzerland.\" \/>\n<meta name=\"robots\" content=\"index, follow, max-snippet:-1, max-image-preview:large, max-video-preview:-1\" \/>\n<link rel=\"canonical\" href=\"https:\/\/getfully.ae\/fr\/cookie-policy\/\" \/>\n<meta property=\"og:locale\" content=\"fr_FR\" \/>\n<meta property=\"og:type\" content=\"article\" \/>\n<meta property=\"og:title\" content=\"Cookie policy\" \/>\n<meta property=\"og:description\" content=\"This Cookie Policy was last updated on May 10, 2025 and applies to citizens and legal permanent residents of the European Economic Area and Switzerland.\" \/>\n<meta property=\"og:url\" content=\"https:\/\/getfully.ae\/fr\/cookie-policy\/\" \/>\n<meta property=\"og:site_name\" content=\"get fully\" \/>\n<meta property=\"article:modified_time\" content=\"2026-04-02T11:47:08+00:00\" \/>\n<meta property=\"og:image\" content=\"https:\/\/getfully.ae\/wp-content\/uploads\/2026\/03\/Untitled-1.jpg\" \/>\n\t<meta property=\"og:image:width\" content=\"1920\" \/>\n\t<meta property=\"og:image:height\" content=\"953\" \/>\n\t<meta property=\"og:image:type\" content=\"image\/jpeg\" \/>\n<meta name=\"twitter:card\" content=\"summary_large_image\" \/>\n<meta name=\"twitter:label1\" content=\"Dur\u00e9e de lecture estim\u00e9e\" \/>\n\t<meta name=\"twitter:data1\" content=\"5 minutes\" \/>\n<script type=\"application\/ld+json\" class=\"yoast-schema-graph\">{\"@context\":\"https:\\\/\\\/schema.org\",\"@graph\":[{\"@type\":\"WebPage\",\"@id\":\"https:\\\/\\\/getfully.ae\\\/cookie-policy\\\/\",\"url\":\"https:\\\/\\\/getfully.ae\\\/cookie-policy\\\/\",\"name\":\"Cookie Policy - get fully\",\"isPartOf\":{\"@id\":\"https:\\\/\\\/getfully.ae\\\/#website\"},\"primaryImageOfPage\":{\"@id\":\"https:\\\/\\\/getfully.ae\\\/cookie-policy\\\/#primaryimage\"},\"image\":{\"@id\":\"https:\\\/\\\/getfully.ae\\\/cookie-policy\\\/#primaryimage\"},\"thumbnailUrl\":\"https:\\\/\\\/getfully.ae\\\/wp-content\\\/uploads\\\/2026\\\/03\\\/Untitled-1.jpg\",\"datePublished\":\"2026-03-16T12:55:26+00:00\",\"dateModified\":\"2026-04-02T11:47:08+00:00\",\"description\":\"This Cookie Policy was last updated on May 10, 2025 and applies to citizens and legal permanent residents of the European Economic Area and Switzerland.\",\"breadcrumb\":{\"@id\":\"https:\\\/\\\/getfully.ae\\\/cookie-policy\\\/#breadcrumb\"},\"inLanguage\":\"fr-FR\",\"potentialAction\":[{\"@type\":\"ReadAction\",\"target\":[\"https:\\\/\\\/getfully.ae\\\/cookie-policy\\\/\"]}]},{\"@type\":\"ImageObject\",\"inLanguage\":\"fr-FR\",\"@id\":\"https:\\\/\\\/getfully.ae\\\/cookie-policy\\\/#primaryimage\",\"url\":\"https:\\\/\\\/getfully.ae\\\/wp-content\\\/uploads\\\/2026\\\/03\\\/Untitled-1.jpg\",\"contentUrl\":\"https:\\\/\\\/getfully.ae\\\/wp-content\\\/uploads\\\/2026\\\/03\\\/Untitled-1.jpg\",\"width\":1920,\"height\":953},{\"@type\":\"BreadcrumbList\",\"@id\":\"https:\\\/\\\/getfully.ae\\\/cookie-policy\\\/#breadcrumb\",\"itemListElement\":[{\"@type\":\"ListItem\",\"position\":1,\"name\":\"Home\",\"item\":\"https:\\\/\\\/getfully.ae\\\/\"},{\"@type\":\"ListItem\",\"position\":2,\"name\":\"Cookie policy\"}]},{\"@type\":\"WebSite\",\"@id\":\"https:\\\/\\\/getfully.ae\\\/#website\",\"url\":\"https:\\\/\\\/getfully.ae\\\/\",\"name\":\"get fully\",\"description\":\"\",\"publisher\":{\"@id\":\"https:\\\/\\\/getfully.ae\\\/#organization\"},\"potentialAction\":[{\"@type\":\"SearchAction\",\"target\":{\"@type\":\"EntryPoint\",\"urlTemplate\":\"https:\\\/\\\/getfully.ae\\\/?s={search_term_string}\"},\"query-input\":{\"@type\":\"PropertyValueSpecification\",\"valueRequired\":true,\"valueName\":\"search_term_string\"}}],\"inLanguage\":\"fr-FR\"},{\"@type\":\"Organization\",\"@id\":\"https:\\\/\\\/getfully.ae\\\/#organization\",\"name\":\"get fully\",\"url\":\"https:\\\/\\\/getfully.ae\\\/\",\"logo\":{\"@type\":\"ImageObject\",\"inLanguage\":\"fr-FR\",\"@id\":\"https:\\\/\\\/getfully.ae\\\/#\\\/schema\\\/logo\\\/image\\\/\",\"url\":\"https:\\\/\\\/getfully.ae\\\/wp-content\\\/uploads\\\/2026\\\/03\\\/imgi_34_cropped-FAVICON-500x500px-RVB_Plan-de-travail-1-copie-4-medium.png\",\"contentUrl\":\"https:\\\/\\\/getfully.ae\\\/wp-content\\\/uploads\\\/2026\\\/03\\\/imgi_34_cropped-FAVICON-500x500px-RVB_Plan-de-travail-1-copie-4-medium.png\",\"width\":300,\"height\":300,\"caption\":\"get fully\"},\"image\":{\"@id\":\"https:\\\/\\\/getfully.ae\\\/#\\\/schema\\\/logo\\\/image\\\/\"}}]}<\/script>\n<!-- \/ Yoast SEO Premium plugin. -->","yoast_head_json":{"title":"Cookie Policy - get fully","description":"La pr\u00e9sente politique en mati\u00e8re de cookies a \u00e9t\u00e9 mise \u00e0 jour pour la derni\u00e8re fois le 10 mai 2025 et s'applique aux citoyens et aux r\u00e9sidents permanents l\u00e9gaux de l'Espace \u00e9conomique europ\u00e9en et de la Suisse.","robots":{"index":"index","follow":"follow","max-snippet":"max-snippet:-1","max-image-preview":"max-image-preview:large","max-video-preview":"max-video-preview:-1"},"canonical":"https:\/\/getfully.ae\/fr\/cookie-policy\/","og_locale":"fr_FR","og_type":"article","og_title":"Cookie policy","og_description":"This Cookie Policy was last updated on May 10, 2025 and applies to citizens and legal permanent residents of the European Economic Area and Switzerland.","og_url":"https:\/\/getfully.ae\/fr\/cookie-policy\/","og_site_name":"get fully","article_modified_time":"2026-04-02T11:47:08+00:00","og_image":[{"width":1920,"height":953,"url":"https:\/\/getfully.ae\/wp-content\/uploads\/2026\/03\/Untitled-1.jpg","type":"image\/jpeg"}],"twitter_card":"summary_large_image","twitter_misc":{"Dur\u00e9e de lecture estim\u00e9e":"5 minutes"},"schema":{"@context":"https:\/\/schema.org","@graph":[{"@type":"WebPage","@id":"https:\/\/getfully.ae\/cookie-policy\/","url":"https:\/\/getfully.ae\/cookie-policy\/","name":"Cookie Policy - get fully","isPartOf":{"@id":"https:\/\/getfully.ae\/#website"},"primaryImageOfPage":{"@id":"https:\/\/getfully.ae\/cookie-policy\/#primaryimage"},"image":{"@id":"https:\/\/getfully.ae\/cookie-policy\/#primaryimage"},"thumbnailUrl":"https:\/\/getfully.ae\/wp-content\/uploads\/2026\/03\/Untitled-1.jpg","datePublished":"2026-03-16T12:55:26+00:00","dateModified":"2026-04-02T11:47:08+00:00","description":"La pr\u00e9sente politique en mati\u00e8re de cookies a \u00e9t\u00e9 mise \u00e0 jour pour la derni\u00e8re fois le 10 mai 2025 et s'applique aux citoyens et aux r\u00e9sidents permanents l\u00e9gaux de l'Espace \u00e9conomique europ\u00e9en et de la Suisse.","breadcrumb":{"@id":"https:\/\/getfully.ae\/cookie-policy\/#breadcrumb"},"inLanguage":"fr-FR","potentialAction":[{"@type":"ReadAction","target":["https:\/\/getfully.ae\/cookie-policy\/"]}]},{"@type":"ImageObject","inLanguage":"fr-FR","@id":"https:\/\/getfully.ae\/cookie-policy\/#primaryimage","url":"https:\/\/getfully.ae\/wp-content\/uploads\/2026\/03\/Untitled-1.jpg","contentUrl":"https:\/\/getfully.ae\/wp-content\/uploads\/2026\/03\/Untitled-1.jpg","width":1920,"height":953},{"@type":"BreadcrumbList","@id":"https:\/\/getfully.ae\/cookie-policy\/#breadcrumb","itemListElement":[{"@type":"ListItem","position":1,"name":"Home","item":"https:\/\/getfully.ae\/"},{"@type":"ListItem","position":2,"name":"Cookie policy"}]},{"@type":"WebSite","@id":"https:\/\/getfully.ae\/#website","url":"https:\/\/getfully.ae\/","name":"get fully","description":"","publisher":{"@id":"https:\/\/getfully.ae\/#organization"},"potentialAction":[{"@type":"SearchAction","target":{"@type":"EntryPoint","urlTemplate":"https:\/\/getfully.ae\/?s={search_term_string}"},"query-input":{"@type":"PropertyValueSpecification","valueRequired":true,"valueName":"search_term_string"}}],"inLanguage":"fr-FR"},{"@type":"Organization","@id":"https:\/\/getfully.ae\/#organization","name":"get fully","url":"https:\/\/getfully.ae\/","logo":{"@type":"ImageObject","inLanguage":"fr-FR","@id":"https:\/\/getfully.ae\/#\/schema\/logo\/image\/","url":"https:\/\/getfully.ae\/wp-content\/uploads\/2026\/03\/imgi_34_cropped-FAVICON-500x500px-RVB_Plan-de-travail-1-copie-4-medium.png","contentUrl":"https:\/\/getfully.ae\/wp-content\/uploads\/2026\/03\/imgi_34_cropped-FAVICON-500x500px-RVB_Plan-de-travail-1-copie-4-medium.png","width":300,"height":300,"caption":"get fully"},"image":{"@id":"https:\/\/getfully.ae\/#\/schema\/logo\/image\/"}}]}},"_links":{"self":[{"href":"https:\/\/getfully.ae\/fr\/wp-json\/wp\/v2\/pages\/786","targetHints":{"allow":["GET"]}}],"collection":[{"href":"https:\/\/getfully.ae\/fr\/wp-json\/wp\/v2\/pages"}],"about":[{"href":"https:\/\/getfully.ae\/fr\/wp-json\/wp\/v2\/types\/page"}],"author":[{"embeddable":true,"href":"https:\/\/getfully.ae\/fr\/wp-json\/wp\/v2\/users\/1"}],"replies":[{"embeddable":true,"href":"https:\/\/getfully.ae\/fr\/wp-json\/wp\/v2\/comments?post=786"}],"version-history":[{"count":63,"href":"https:\/\/getfully.ae\/fr\/wp-json\/wp\/v2\/pages\/786\/revisions"}],"predecessor-version":[{"id":2229,"href":"https:\/\/getfully.ae\/fr\/wp-json\/wp\/v2\/pages\/786\/revisions\/2229"}],"wp:featuredmedia":[{"embeddable":true,"href":"https:\/\/getfully.ae\/fr\/wp-json\/wp\/v2\/media\/2132"}],"wp:attachment":[{"href":"https:\/\/getfully.ae\/fr\/wp-json\/wp\/v2\/media?parent=786"}],"curies":[{"name":"wp","href":"https:\/\/api.w.org\/{rel}","templated":true}]}}